{"id":13823,"date":"2023-03-21T01:13:47","date_gmt":"2023-03-21T00:13:47","guid":{"rendered":"https:\/\/carthageland.crystaleez.tn\/tunis\/?page_id=13823"},"modified":"2024-08-06T01:15:32","modified_gmt":"2024-08-05T23:15:32","slug":"reglement-interieur","status":"publish","type":"page","link":"https:\/\/hammamet.carthageland.com\/fr\/reglement-interieur\/","title":{"rendered":"R\u00e8glement int\u00e9rieur"},"content":{"rendered":"\t\t<div data-elementor-type=\"wp-page\" data-elementor-id=\"13823\" class=\"elementor elementor-13823\">\n\t\t\t\t\t\t\t\t\t<section class=\"elementor-section elementor-top-section elementor-element elementor-element-a507f60 tm-column-break-ipad-yes elementor-section-stretched tm-col-stretched-none elementor-section-boxed elementor-section-height-default elementor-section-height-default\" data-id=\"a507f60\" data-element_type=\"section\" data-settings=\"{&quot;stretch_section&quot;:&quot;section-stretched&quot;,&quot;ekit_has_onepagescroll_dot&quot;:&quot;yes&quot;}\">\n\t\t\t\t\t\t<div class=\"elementor-container elementor-column-gap-no\">\n\t\t\t\t\t<div class=\"elementor-column elementor-col-100 elementor-top-column elementor-element elementor-element-7805b53\" data-id=\"7805b53\" data-element_type=\"column\">\n\t\t\t<div class=\"elementor-widget-wrap elementor-element-populated\">\n\t\t\t\t\t\t\t\t<div class=\"elementor-element elementor-element-a7c0ca4 tm-align-center elementor-widget elementor-widget-tm_heading\" data-id=\"a7c0ca4\" data-element_type=\"widget\" data-settings=\"{&quot;ekit_we_effect_on&quot;:&quot;none&quot;}\" data-widget_type=\"tm_heading.default\">\n\t\t\t\t<div class=\"elementor-widget-container\">\n\t\t\t<div class=\"tm-element-heading-content-wrapper center-align  tm-seperator-solid tm-content-with-desc tm-heading-style-vertical \"><div class=\"tm-content-header\"><h4 class=\"tm-element-content-heading\">\n\t\t\t\tR\u00e8glement int\u00e9rieur g\u00e9n\u00e9ral du Parc Carthage Land\n\t\t\t<\/h4>\n\t\t<\/div><div class=\"tm-element-content-desctxt\">Merci de lire attentivement et de respecter le r\u00e8glement ci-dessous ; votre entr\u00e9e implique votre acceptation du r\u00e8glement int\u00e9rieur.<\/div><\/div>\t\t<\/div>\n\t\t\t\t<\/div>\n\t\t\t\t<div class=\"elementor-element elementor-element-f474ffa elementor-widget elementor-widget-text-editor\" data-id=\"f474ffa\" data-element_type=\"widget\" data-settings=\"{&quot;ekit_we_effect_on&quot;:&quot;none&quot;}\" data-widget_type=\"text-editor.default\">\n\t\t\t\t<div class=\"elementor-widget-container\">\n\t\t\t<style>\/*! elementor - v3.11.1 - 15-02-2023 *\/\n.elementor-widget-text-editor.elementor-drop-cap-view-stacked .elementor-drop-cap{background-color:#818a91;color:#fff}.elementor-widget-text-editor.elementor-drop-cap-view-framed .elementor-drop-cap{color:#818a91;border:3px solid;background-color:transparent}.elementor-widget-text-editor:not(.elementor-drop-cap-view-default) .elementor-drop-cap{margin-top:8px}.elementor-widget-text-editor:not(.elementor-drop-cap-view-default) .elementor-drop-cap-letter{width:1em;height:1em}.elementor-widget-text-editor .elementor-drop-cap{float:left;text-align:center;line-height:1;font-size:50px}.elementor-widget-text-editor .elementor-drop-cap-letter{display:inline-block}<\/style>\t\t\t\t<ul>\n<li>Il est obligatoire de respecter toutes les consignes de s\u00e9curit\u00e9 et d\u2019exploitation affich\u00e9es ou transmises par le personnel du parc. Informez-vous par avance SVP.<\/li>\n<li>Pour des raisons de s\u00e9curit\u00e9, certaines attractions ont des restrictions sp\u00e9cifiques d\u2019acc\u00e8s suivant la taille, la stature, l\u2019\u00e9tat et les conditions physiques ou de sant\u00e9 exig\u00e9es par les normes du constructeur.<\/li>\n<li>Le ticket d\u2019entr\u00e9e est personnel, doit \u00eatre conserv\u00e9 tout au long de votre visite et pr\u00e9sent\u00e9 \u00e0 la sortie.<\/li>\n<li>La sortie et la r\u00e9entr\u00e9e n\u2019est pas autoris\u00e9e.<\/li>\n<li>Pour des raisons de s\u00e9curit\u00e9, l\u2019entr\u00e9e au parc est soumise \u00e0 la fouille ; merci d\u2019obtemp\u00e9rer.<\/li>\n<li>Les p\u00e9riodes d\u2019ouverture, les horaires et les tarifs sont port\u00e9s \u00e0 la connaissance du public par affichage \u00e0 l\u2019entr\u00e9e du parc.<\/li>\n<li>Les enfants de moins de 14 ans doivent \u00eatre accompagn\u00e9s d\u2019un adulte responsable (+18 ans) qui en a l\u2019enti\u00e8re responsabilit\u00e9.<\/li>\n<li>Il est interdit d\u2019Escalader ou franchir une s\u00e9paration quelle qu\u2019elle soit, courir, p\u00e9n\u00e9trer dans les zones interdites signal\u00e9es par des panneaux ou des pancartes.<\/li>\n<li>Il est interdit de fumer, manger ou boire dans les attractions ou dans les plages et abords des plans d\u2019eau. Des espaces sont r\u00e9serv\u00e9s \u00e0 cet effet.<\/li>\n<li>Il est interdit d\u2019abandonner ou jeter des d\u00e9chets de tout genre ailleurs que dans les r\u00e9cipients et poubelles r\u00e9serv\u00e9s \u00e0 leurs collectes.<\/li>\n<li>Merci de respecter la propret\u00e9 de cet environnement<\/li>\n<li>Il est interdit d&#8217;apporter tous types d\u2019aliments ou de boissons, des contenants de verre ou objets contondants ou aiguis\u00e9s, d\u2019amener des animaux et de cracher et d\u2019uriner en dehors des W.C.<\/li>\n<li>Aucune violence verbale et\/ou physique ne sera tol\u00e9r\u00e9e sur le parc. Quiconque adoptera un comportement troublant l\u2019ordre, la qui\u00e9tude et le bon fonctionnement pourrait faire l\u2019objet d\u2019une expulsion imm\u00e9diate, d\u00e9finitive et sans remboursement du droit d\u2019entr\u00e9e.<\/li>\n<li>Les personnes ayant occasionn\u00e9es des d\u00e9t\u00e9riorations aux installations seront contraintes \u00e0 s\u2019acquitter du montant de remise en \u00e9tat.<\/li>\n<li>Les bijoux, montres et accessoires ne sont pas accept\u00e9s dans toutes les activit\u00e9s. Nous d\u00e9clinons toute responsabilit\u00e9 en cas de leurs pertes; des coffres payants sont disponibles pour s\u00e9curiser vos objets personnels.<\/li>\n<li>Aucun recours ne peut \u00eatre exerc\u00e9s contre l\u2019exploitant ; Les objets trouv\u00e9s sont d\u00e9pos\u00e9s imm\u00e9diatement \u00e0 l\u2019accueil et enregistr\u00e9s sur le cahier r\u00e9serv\u00e9 \u00e0 cet effet.<\/li>\n<li>Certaines attractions et restaurants pourront \u00eatre ferm\u00e9s pour des raisons techniques, m\u00e9t\u00e9orologiques ou d\u2019organisation.<\/li>\n<li>Le parking est surveill\u00e9 mais non gard\u00e9.<\/li>\n<li>La direction se r\u00e9serve le droit de changer les articles de ce r\u00e8glement sans pr\u00e9avis.<\/li>\n<\/ul>\n<p><strong>Jeux de man\u00e8ge<\/strong><\/p>\n<ul>\n<li>Il est interdit de monter pieds nus ou torse nu ou mouill\u00e9 sur les attractions<\/li>\n<li>Il est obligatoire d\u2019attendre l\u2019arr\u00eat complet des attractions avant de monter ou descendre<\/li>\n<\/ul>\n<p><strong>Jeux aquatiques<\/strong><\/p>\n<ul>\n<li>Ne sont pas admises dans l\u2019enceinte du parc : Les personnes en \u00e9tat d\u2019ivresse ; ou atteintes de maladie contagieuses, ou de maladies cutan\u00e9es ou souffrantes de plaies ou de blessures<\/li>\n<li>Un vestiaire r\u00e9serv\u00e9 aux hommes et un vestiaire r\u00e9serv\u00e9s aux femmes. Les enfants de moins de cinq ans peuvent acc\u00e9der au vestiaire en fonction du sexe de l\u2019accompagnant.<\/li>\n<li>Seul le maillot de bain est autoris\u00e9 pour les hommes et les gar\u00e7ons. Sont interdits tous les autres v\u00eatements : T-shirts, Cale\u00e7ons, boxer-shorts, bermudas et toute autre tenue qui s\u2019apparenterait \u00e0 ceux-l\u00e0.<\/li>\n<li>Tout enfant en couche doit obligatoirement porter des couches de baignade et ce en tout temps.<\/li>\n<li>La douche, le savonnage, le passage au p\u00e9diluve, sont obligatoires avant l\u2019acc\u00e8s aux bassins.<\/li>\n<li>Tenue de baignade obligatoire : le coton et le jeans sont strictement interdits dans les piscines et toboggans.<\/li>\n<li>Interdiction de faire entrer de la nourriture et des boissons.<\/li>\n<li>Merci de garder vos tickets pour la sortie.<\/li>\n<li>Merci de respecter la r\u00e9glementation du parc affich\u00e9e \u00e0 l\u2019entr\u00e9e.<\/li>\n<li>Le ticket ne vous permet pas la sortie et la r\u00e9entr\u00e9e au parc.<\/li>\n<li>Prenez soin de vos objets personnels \u00e0 l\u2019int\u00e9rieur du parc.<\/li>\n<li>Location des transats \u00e0 5 dt.<\/li>\n<li>Location des casiers \u00e0 5 dt avec caution de 5 dt.<\/li>\n<\/ul>\n<p style=\"text-align: right;\"><em><strong>Merci et bienvenue<\/strong><\/em><\/p>\t\t\t\t\t\t<\/div>\n\t\t\t\t<\/div>\n\t\t\t\t\t<\/div>\n\t\t<\/div>\n\t\t\t\t\t\t\t<\/div>\n\t\t<\/section>\n\t\t\t\t\t\t\t<\/div>\n\t\t","protected":false},"excerpt":{"rendered":"<p>R\u00e8glement int\u00e9rieur g\u00e9n\u00e9ral du Parc Carthage Land Merci de lire attentivement et de respecter le r\u00e8glement ci-dessous ; votre entr\u00e9e implique votre acceptation du r\u00e8glement int\u00e9rieur. Il est obligatoire de respecter toutes les consignes de s\u00e9curit\u00e9 et d\u2019exploitation affich\u00e9es ou transmises par le personnel du parc. Informez-vous par avance SVP. Pour des raisons de s\u00e9curit\u00e9, &hellip; <a href=\"https:\/\/hammamet.carthageland.com\/fr\/reglement-interieur\/\" class=\"more-link\">Continue reading <span class=\"screen-reader-text\">R\u00e8glement int\u00e9rieur<\/span><\/a><\/p>\n","protected":false},"author":2,"featured_media":0,"parent":0,"menu_order":0,"comment_status":"closed","ping_status":"closed","template":"","meta":{"footnotes":""},"class_list":["post-13823","page","type-page","status-publish","hentry"],"_links":{"self":[{"href":"https:\/\/hammamet.carthageland.com\/fr\/wp-json\/wp\/v2\/pages\/13823","targetHints":{"allow":["GET"]}}],"collection":[{"href":"https:\/\/hammamet.carthageland.com\/fr\/wp-json\/wp\/v2\/pages"}],"about":[{"href":"https:\/\/hammamet.carthageland.com\/fr\/wp-json\/wp\/v2\/types\/page"}],"author":[{"embeddable":true,"href":"https:\/\/hammamet.carthageland.com\/fr\/wp-json\/wp\/v2\/users\/2"}],"replies":[{"embeddable":true,"href":"https:\/\/hammamet.carthageland.com\/fr\/wp-json\/wp\/v2\/comments?post=13823"}],"version-history":[{"count":14,"href":"https:\/\/hammamet.carthageland.com\/fr\/wp-json\/wp\/v2\/pages\/13823\/revisions"}],"predecessor-version":[{"id":15203,"href":"https:\/\/hammamet.carthageland.com\/fr\/wp-json\/wp\/v2\/pages\/13823\/revisions\/15203"}],"wp:attachment":[{"href":"https:\/\/hammamet.carthageland.com\/fr\/wp-json\/wp\/v2\/media?parent=13823"}],"curies":[{"name":"wp","href":"https:\/\/api.w.org\/{rel}","templated":true}]}}